{"id":1140,"date":"2024-04-22T13:29:07","date_gmt":"2024-04-22T13:29:07","guid":{"rendered":"http:\/\/www.dybalancer.com\/?page_id=1140"},"modified":"2024-04-23T09:11:56","modified_gmt":"2024-04-23T09:11:56","slug":"services","status":"publish","type":"page","link":"https:\/\/www.dybalancer.com\/it\/services\/","title":{"rendered":"Servizi"},"content":{"rendered":"<section class=\"wp-block-themepark-block-themepark-area block_layout thempark-block undefined\" id=\"\" style=\"padding-top:279px;height:600px;box-sizing: border-box;width: 100%;\" data-swiper-parallax=\"-700\"><div class=\"block_layout_in\" style=\"\">\n<div class=\"wp-block-column block_layout_in\">\n<h1 class=\"wp-block-heading has-text-align-center has-monte-white-color has-text-color has-large-font-size\">Garantiamo ai nostri clienti un servizio di alta qualit\u00e0<\/h1>\n\n\n\n<p class=\"has-monte-white-color has-text-color\"><\/p>\n\n\n\n<p><\/p>\n<\/div>\n<\/div><div class=\"layout_badh\"><div class=\"shizhezhao\" style=\"opacity:0.25;background-color:#000000;\"><\/div><div class=\"PcOnly themepark-block_layout_ba lazyload swiper-lazy\" style=\"background-repeat:no-repeat;background-size:cover;background-position:center;\" data-background=\"http:\/\/www.dybalancer.com\/wp-content\/uploads\/2024\/04\/banaer-40.jpg\"><\/div><div class=\"MovePnly themepark-block_layout_ba lazyload swiper-move-lazy\" style=\"background-repeat:no-repeat;background-size:cover;background-position:center;\" data-background=\"http:\/\/www.dybalancer.com\/wp-content\/uploads\/2024\/04\/app-1-1.jpg\"><\/div><\/div><\/section>\n\n\n\n<section class=\"wp-block-themepark-block-themepark-area block_layout thempark-block undefined\" id=\"\" style=\"padding-bottom:20px;padding-top:20px;\" data-swiper-parallax=\"-700\"><div class=\"block_layout_in\" style=\"\">\n<div class=\"wp-block-column block_layout_in\">\n<section class=\"wp-block-themepark-block-themepark-imgtext thempark-block themepark_imgtext padingmodle moveupd  undefined\" style=\"padding-bottom:20px;padding-top:20px;\"><div class=\"themepark_imgtext_img\" style=\"width:35%;\" data-swiper-parallax=\"-1800\"><img class=\"lazyload  swiper-lazy swiper-move-lazy\" style=\"\" data-src=\"http:\/\/www.dybalancer.com\/wp-content\/uploads\/2021\/03\/5-1.jpg\" alt=\"\"\/><\/div><div class=\"themepark_imgtext_text\" style=\"width:62%;padding-left:50px;padding-right:50px;\" data-swiper-parallax=\"-1600\">\n<div class=\"wp-block-column\">\n<p class=\"has-medium-font-size\"><\/p>\n\n\n\n<p class=\"has-black-color has-text-color has-large-font-size\"><strong><strong><strong>Un team di professionisti al vostro servizio<\/strong><\/strong><\/strong><\/p>\n\n\n\n<div class=\"wp-block-themepark-block-themepark-wright content-super-p\" style=\"font-size:16px;line-height:33px;padding:10px 0px;\">\n<div class=\"wp-block-column\">\n<p class=\"has-monte-blue-color has-text-color\"><\/p>\n\n\n\n<p>Se cercate un team esperto nel campo dell'equilibratura precisa, contattateci. Vi aiuteremo a risolvere qualsiasi problema di equilibratura.<\/p>\n\n\n\n<p>In 20 anni abbiamo equilibrato molti rotori come servizio e abbiamo acquisito un'esperienza completa. Siamo leader nella produzione di macchine equilibratrici in Cina e uno dei principali produttori al mondo.<\/p>\n<\/div>\n<\/div>\n<\/div>\n<\/div><div class=\"themepark_imgtext_ba\" style=\"background-color:#ffffff;opacity:1;\"><\/div><\/section>\n\n\n\n<div style=\"height:20px\" aria-hidden=\"true\" class=\"wp-block-spacer\"><\/div>\n\n\n\n<section class=\"wp-block-themepark-block-themepark-imgtext thempark-block themepark_imgtext padingmodle leftright moveupd  undefined\" style=\"padding-bottom:20px;padding-top:20px;\"><div class=\"themepark_imgtext_img\" style=\"width:35%;\" data-swiper-parallax=\"-1800\"><img class=\"lazyload  swiper-lazy swiper-move-lazy\" style=\"\" data-src=\"http:\/\/www.dybalancer.com\/wp-content\/uploads\/2024\/04\/1.jpg\" alt=\"Universal Balancing Machines\"\/><\/div><div class=\"themepark_imgtext_text\" style=\"width:62%;padding-left:50px;padding-right:50px;\" data-swiper-parallax=\"-1600\">\n<div class=\"wp-block-column\">\n<p class=\"has-medium-font-size\"><\/p>\n\n\n\n<p class=\"has-black-color has-text-color has-large-font-size\"><strong><strong><strong>Servizio 7\/24<\/strong><\/strong><\/strong><\/p>\n\n\n\n<div class=\"wp-block-themepark-block-themepark-wright content-super-p\" style=\"font-size:16px;line-height:33px;padding:10px 0px;\">\n<div class=\"wp-block-column\">\n<p class=\"has-monte-blue-color has-text-color\"><\/p>\n\n\n\n<p class=\"has-monte-grey-color has-text-color\">In qualit\u00e0 di produttore leader nel settore delle bilance, abbiamo fornito servizi ininterrotti per le esigenze dei clienti per adattarci allo sviluppo tecnologico del nostro tempo. Abbiamo un team di lavoro ben addestrato, attivo 7 giorni su 24, che fornisce una risposta e un servizio immediati ai nostri clienti.<\/p>\n<\/div>\n<\/div>\n<\/div>\n<\/div><div class=\"themepark_imgtext_ba\" style=\"background-color:#ffffff;opacity:1;\"><\/div><\/section>\n\n\n\n<div style=\"height:20px\" aria-hidden=\"true\" class=\"wp-block-spacer\"><\/div>\n\n\n\n<section class=\"wp-block-themepark-block-themepark-imgtext thempark-block themepark_imgtext padingmodle moveupd  undefined\" style=\"padding-bottom:20px;padding-top:20px;\"><div class=\"themepark_imgtext_img\" style=\"width:35%;\" data-swiper-parallax=\"-1800\"><img class=\"lazyload  swiper-lazy swiper-move-lazy\" style=\"\" data-src=\"http:\/\/www.dybalancer.com\/wp-content\/uploads\/2021\/03\/tongyong.png\" alt=\"Universal Balancing Machines\"\/><\/div><div class=\"themepark_imgtext_text\" style=\"width:62%;padding-left:50px;padding-right:50px;\" data-swiper-parallax=\"-1600\">\n<div class=\"wp-block-column\">\n<p class=\"has-medium-font-size\"><\/p>\n\n\n\n<p class=\"has-black-color has-text-color has-large-font-size\"><strong>Servizi post-vendita<\/strong><\/p>\n\n\n\n<div class=\"wp-block-themepark-block-themepark-wright content-super-p\" style=\"font-size:16px;line-height:33px;padding:10px 0px;\">\n<div class=\"wp-block-column\">\n<p class=\"has-monte-blue-color has-text-color\"><\/p>\n\n\n\n<p class=\"has-monte-grey-color has-text-color\">Garantiamo ai nostri clienti un servizio di alta qualit\u00e0.La macchina di bilanciamento \u00e8 accettata dal controllore tecnico del produttore, controllato per la conformit\u00e0 ai requisiti tecnici stabiliti. E promettiamo di fornire assistenza tecnica e garanzia di manutenzione per i nostri prodotti.<\/p>\n<\/div>\n<\/div>\n<\/div>\n<\/div><div class=\"themepark_imgtext_ba\" style=\"background-color:#ffffff;opacity:1;\"><\/div><\/section>\n<\/div>\n<\/div><div class=\"layout_badh\"><\/div><\/section>\n\n\n\n<section class=\"wp-block-themepark-block-themepark-area block_layout thempark-block undefined bom10 top15\" id=\"\" style=\"padding-bottom:30px;padding-top:30px;\" data-swiper-parallax=\"-700\"><div class=\"block_layout_in\" style=\"\">\n<div class=\"wp-block-column block_layout_in\">\n<section class=\"wp-block-themepark-block-themepark-icon thempark-block themepark_icon_list_out undefined  top15\" id=\"nomo\" style=\"\"><div class=\"themepark_icon_list_in\"><div class=\"themepark_icon_lists iconl4 iconls1\" style=\"\"><a class=\"themepark_icon_box  picmodle\"><div class=\"themepark_icon_box_i\"><div class=\"themepark_icon_box_i_out\"><img decoding=\"async\" src=\"http:\/\/www.dybalancer.com\/wp-content\/uploads\/2024\/04\/o4.jpg\" alt=\"Training Services\" style=\"color:#8cc63f;width:305px;\"\/><\/div><b style=\"font-size:20px;color:#262626;\">Servizi di formazione<\/b><\/div><div class=\"themepark_icon_box_d\" style=\"font-size:14px;color:#666666;height:118px;\"><span>Con decenni di esperienza, il nostro ingegnere pre-vendita vi fornir\u00e0 una formazione operativa, permettendovi di comprendere appieno la macchina prima dell'acquisto.<\/span><\/div><\/a><a class=\"themepark_icon_box  picmodle\"><div class=\"themepark_icon_box_i\"><div class=\"themepark_icon_box_i_out\"><img decoding=\"async\" src=\"http:\/\/www.dybalancer.com\/wp-content\/uploads\/2024\/04\/o2.jpg\" alt=\"Help desk\" style=\"color:#8cc63f;width:305px;\"\/><\/div><b style=\"font-size:20px;color:#262626;\">Help desk<\/b><\/div><div class=\"themepark_icon_box_d\" style=\"font-size:14px;color:#666666;height:118px;\"><span>Ovunque vi troviate e in qualsiasi momento ne abbiate bisogno, il nostro servizio di help desk vi permetter\u00e0 di ottenere un feedback immediato sui vostri avvisi.<\/span><\/div><\/a><a class=\"themepark_icon_box  picmodle\"><div class=\"themepark_icon_box_i\"><div class=\"themepark_icon_box_i_out\"><img decoding=\"async\" src=\"http:\/\/www.dybalancer.com\/wp-content\/uploads\/2024\/04\/o3.jpg\" alt=\"Repairs Services\" style=\"color:#8cc63f;width:305px;\"\/><\/div><b style=\"font-size:20px;color:#262626;\">Servizi di riparazione<\/b><\/div><div class=\"themepark_icon_box_d\" style=\"font-size:14px;color:#666666;height:118px;\"><span>A seconda dei problemi riscontrati, vi offriremo un supporto immediato con l'invio di parti di ricambio, teleassistenza o personale qualificato, consentendo alla vostra macchina di riprendere la normale produzione.<\/span><\/div><\/a><a class=\"themepark_icon_box  picmodle\"><div class=\"themepark_icon_box_i\"><div class=\"themepark_icon_box_i_out\"><img decoding=\"async\" src=\"http:\/\/www.dybalancer.com\/wp-content\/uploads\/2024\/04\/o1.jpg\" alt=\"Technical Support\" style=\"color:#8cc63f;width:305px;\"\/><\/div><b style=\"font-size:20px;color:#262626;\">Assistenza tecnica<\/b><\/div><div class=\"themepark_icon_box_d\" style=\"font-size:14px;color:#666666;height:118px;\"><span>Dopo l'acquisto, il servizio di assistenza post-vendita \u00e8 attivo 7*24 ore su 24 e il supporto tecnico post-vendita di alta qualit\u00e0 per l'assistenza e la manutenzione in loco \u00e8 garantito da ingegneri entro 12 ore.<\/span><\/div><\/a><\/div><\/div><\/section>\n<\/div>\n<\/div><div class=\"layout_badh\"><\/div><\/section>","protected":false},"excerpt":{"rendered":"","protected":false},"author":1,"featured_media":0,"parent":0,"menu_order":0,"comment_status":"closed","ping_status":"closed","template":"","meta":{"themepark_post_bcolor":"#f5f5f5","themepark_post_width":"100% dong","themepark_post_img":"","themepark_post_img_po":"left","themepark_post_img_re":false,"themepark_post_img_cover":false,"themepark_post_img_fixed":false,"themepark_post_hide_title":true,"themepark_post_main_b":"","themepark_post_main_p":100,"themepark_paddingblock":true,"footnotes":""},"class_list":["post-1140","page","type-page","status-publish","hentry"],"_links":{"self":[{"href":"https:\/\/www.dybalancer.com\/it\/wp-json\/wp\/v2\/pages\/1140","targetHints":{"allow":["GET"]}}],"collection":[{"href":"https:\/\/www.dybalancer.com\/it\/wp-json\/wp\/v2\/pages"}],"about":[{"href":"https:\/\/www.dybalancer.com\/it\/wp-json\/wp\/v2\/types\/page"}],"author":[{"embeddable":true,"href":"https:\/\/www.dybalancer.com\/it\/wp-json\/wp\/v2\/users\/1"}],"replies":[{"embeddable":true,"href":"https:\/\/www.dybalancer.com\/it\/wp-json\/wp\/v2\/comments?post=1140"}],"version-history":[{"count":15,"href":"https:\/\/www.dybalancer.com\/it\/wp-json\/wp\/v2\/pages\/1140\/revisions"}],"predecessor-version":[{"id":1313,"href":"https:\/\/www.dybalancer.com\/it\/wp-json\/wp\/v2\/pages\/1140\/revisions\/1313"}],"wp:attachment":[{"href":"https:\/\/www.dybalancer.com\/it\/wp-json\/wp\/v2\/media?parent=1140"}],"curies":[{"name":"wp","href":"https:\/\/api.w.org\/{rel}","templated":true}]}}