{"id":1140,"date":"2024-04-22T13:29:07","date_gmt":"2024-04-22T13:29:07","guid":{"rendered":"http:\/\/www.dybalancer.com\/?page_id=1140"},"modified":"2024-04-23T09:11:56","modified_gmt":"2024-04-23T09:11:56","slug":"services","status":"publish","type":"page","link":"https:\/\/www.dybalancer.com\/es\/services\/","title":{"rendered":"Servicios"},"content":{"rendered":"<section class=\"wp-block-themepark-block-themepark-area block_layout thempark-block undefined\" id=\"\" style=\"padding-top:279px;height:600px;box-sizing: border-box;width: 100%;\" data-swiper-parallax=\"-700\"><div class=\"block_layout_in\" style=\"\">\n<div class=\"wp-block-column block_layout_in\">\n<h1 class=\"wp-block-heading has-text-align-center has-monte-white-color has-text-color has-large-font-size\">Garantizamos a nuestros clientes un servicio de alta calidad<\/h1>\n\n\n\n<p class=\"has-monte-white-color has-text-color\"><\/p>\n\n\n\n<p><\/p>\n<\/div>\n<\/div><div class=\"layout_badh\"><div class=\"shizhezhao\" style=\"opacity:0.25;background-color:#000000;\"><\/div><div class=\"PcOnly themepark-block_layout_ba lazyload swiper-lazy\" style=\"background-repeat:no-repeat;background-size:cover;background-position:center;\" data-background=\"http:\/\/www.dybalancer.com\/wp-content\/uploads\/2024\/04\/banaer-40.jpg\"><\/div><div class=\"MovePnly themepark-block_layout_ba lazyload swiper-move-lazy\" style=\"background-repeat:no-repeat;background-size:cover;background-position:center;\" data-background=\"http:\/\/www.dybalancer.com\/wp-content\/uploads\/2024\/04\/app-1-1.jpg\"><\/div><\/div><\/section>\n\n\n\n<section class=\"wp-block-themepark-block-themepark-area block_layout thempark-block undefined\" id=\"\" style=\"padding-bottom:20px;padding-top:20px;\" data-swiper-parallax=\"-700\"><div class=\"block_layout_in\" style=\"\">\n<div class=\"wp-block-column block_layout_in\">\n<section class=\"wp-block-themepark-block-themepark-imgtext thempark-block themepark_imgtext padingmodle moveupd  undefined\" style=\"padding-bottom:20px;padding-top:20px;\"><div class=\"themepark_imgtext_img\" style=\"width:35%;\" data-swiper-parallax=\"-1800\"><img class=\"lazyload  swiper-lazy swiper-move-lazy\" style=\"\" data-src=\"http:\/\/www.dybalancer.com\/wp-content\/uploads\/2021\/03\/5-1.jpg\" alt=\"\"\/><\/div><div class=\"themepark_imgtext_text\" style=\"width:62%;padding-left:50px;padding-right:50px;\" data-swiper-parallax=\"-1600\">\n<div class=\"wp-block-column\">\n<p class=\"has-medium-font-size\"><\/p>\n\n\n\n<p class=\"has-black-color has-text-color has-large-font-size\"><strong><strong><strong>Un equipo profesional a su servicio<\/strong><\/strong><\/strong><\/p>\n\n\n\n<div class=\"wp-block-themepark-block-themepark-wright content-super-p\" style=\"font-size:16px;line-height:33px;padding:10px 0px;\">\n<div class=\"wp-block-column\">\n<p class=\"has-monte-blue-color has-text-color\"><\/p>\n\n\n\n<p>Si busca un equipo con experiencia en el campo del equilibrado preciso, p\u00f3ngase en contacto con nosotros. Le ayudaremos y resolveremos cualquier problema EN materia de equilibrado.<\/p>\n\n\n\n<p>En 20 a\u00f1os, hemos equilibrado muchos rotores como servicio y hemos adquirido una gran experiencia. Somos l\u00edderes en la producci\u00f3n de m\u00e1quinas equilibradoras en China y uno de los principales fabricantes del mundo.<\/p>\n<\/div>\n<\/div>\n<\/div>\n<\/div><div class=\"themepark_imgtext_ba\" style=\"background-color:#ffffff;opacity:1;\"><\/div><\/section>\n\n\n\n<div style=\"height:20px\" aria-hidden=\"true\" class=\"wp-block-spacer\"><\/div>\n\n\n\n<section class=\"wp-block-themepark-block-themepark-imgtext thempark-block themepark_imgtext padingmodle leftright moveupd  undefined\" style=\"padding-bottom:20px;padding-top:20px;\"><div class=\"themepark_imgtext_img\" style=\"width:35%;\" data-swiper-parallax=\"-1800\"><img class=\"lazyload  swiper-lazy swiper-move-lazy\" style=\"\" data-src=\"http:\/\/www.dybalancer.com\/wp-content\/uploads\/2024\/04\/1.jpg\" alt=\"Universal Balancing Machines\"\/><\/div><div class=\"themepark_imgtext_text\" style=\"width:62%;padding-left:50px;padding-right:50px;\" data-swiper-parallax=\"-1600\">\n<div class=\"wp-block-column\">\n<p class=\"has-medium-font-size\"><\/p>\n\n\n\n<p class=\"has-black-color has-text-color has-large-font-size\"><strong><strong><strong>Servicio 7\/24<\/strong><\/strong><\/strong><\/p>\n\n\n\n<div class=\"wp-block-themepark-block-themepark-wright content-super-p\" style=\"font-size:16px;line-height:33px;padding:10px 0px;\">\n<div class=\"wp-block-column\">\n<p class=\"has-monte-blue-color has-text-color\"><\/p>\n\n\n\n<p class=\"has-monte-grey-color has-text-color\">Como fabricante l\u00edder en el campo de la balanza, hemos estado proporcionando servicios ininterrumpidos para las necesidades de los clientes para adaptarse al desarrollo tecnol\u00f3gico de nuestro tiempo. Contamos con un equipo de trabajo bien formado 7 d\u00edas 24 horas que da respuesta y servicio inmediatos a nuestros clientes.<\/p>\n<\/div>\n<\/div>\n<\/div>\n<\/div><div class=\"themepark_imgtext_ba\" style=\"background-color:#ffffff;opacity:1;\"><\/div><\/section>\n\n\n\n<div style=\"height:20px\" aria-hidden=\"true\" class=\"wp-block-spacer\"><\/div>\n\n\n\n<section class=\"wp-block-themepark-block-themepark-imgtext thempark-block themepark_imgtext padingmodle moveupd  undefined\" style=\"padding-bottom:20px;padding-top:20px;\"><div class=\"themepark_imgtext_img\" style=\"width:35%;\" data-swiper-parallax=\"-1800\"><img class=\"lazyload  swiper-lazy swiper-move-lazy\" style=\"\" data-src=\"http:\/\/www.dybalancer.com\/wp-content\/uploads\/2021\/03\/tongyong.png\" alt=\"Universal Balancing Machines\"\/><\/div><div class=\"themepark_imgtext_text\" style=\"width:62%;padding-left:50px;padding-right:50px;\" data-swiper-parallax=\"-1600\">\n<div class=\"wp-block-column\">\n<p class=\"has-medium-font-size\"><\/p>\n\n\n\n<p class=\"has-black-color has-text-color has-large-font-size\"><strong>Servicios postventa<\/strong><\/p>\n\n\n\n<div class=\"wp-block-themepark-block-themepark-wright content-super-p\" style=\"font-size:16px;line-height:33px;padding:10px 0px;\">\n<div class=\"wp-block-column\">\n<p class=\"has-monte-blue-color has-text-color\"><\/p>\n\n\n\n<p class=\"has-monte-grey-color has-text-color\">Garantizamos a nuestros clientes un servicio de alta calidad.La m\u00e1quina equilibradora es aceptada por el controlador t\u00e9cnico del fabricante, comprobando el cumplimiento de los requisitos t\u00e9cnicos establecidos. Y Nos comprometemos a proporcionar soporte t\u00e9cnico y garant\u00eda de mantenimiento de nuestros productos.<\/p>\n<\/div>\n<\/div>\n<\/div>\n<\/div><div class=\"themepark_imgtext_ba\" style=\"background-color:#ffffff;opacity:1;\"><\/div><\/section>\n<\/div>\n<\/div><div class=\"layout_badh\"><\/div><\/section>\n\n\n\n<section class=\"wp-block-themepark-block-themepark-area block_layout thempark-block undefined bom10 top15\" id=\"\" style=\"padding-bottom:30px;padding-top:30px;\" data-swiper-parallax=\"-700\"><div class=\"block_layout_in\" style=\"\">\n<div class=\"wp-block-column block_layout_in\">\n<section class=\"wp-block-themepark-block-themepark-icon thempark-block themepark_icon_list_out undefined  top15\" id=\"nomo\" style=\"\"><div class=\"themepark_icon_list_in\"><div class=\"themepark_icon_lists iconl4 iconls1\" style=\"\"><a class=\"themepark_icon_box  picmodle\"><div class=\"themepark_icon_box_i\"><div class=\"themepark_icon_box_i_out\"><img decoding=\"async\" src=\"http:\/\/www.dybalancer.com\/wp-content\/uploads\/2024\/04\/o4.jpg\" alt=\"Training Services\" style=\"color:#8cc63f;width:305px;\"\/><\/div><b style=\"font-size:20px;color:#262626;\">Servicios de formaci\u00f3n<\/b><\/div><div class=\"themepark_icon_box_d\" style=\"font-size:14px;color:#666666;height:118px;\"><span>Con d\u00e9cadas de experiencia, nuestro ingeniero de pre-venta le proporcionar\u00e1 la formaci\u00f3n operativa, le permiten comprender plenamente la m\u00e1quina antes de comprar.<\/span><\/div><\/a><a class=\"themepark_icon_box  picmodle\"><div class=\"themepark_icon_box_i\"><div class=\"themepark_icon_box_i_out\"><img decoding=\"async\" src=\"http:\/\/www.dybalancer.com\/wp-content\/uploads\/2024\/04\/o2.jpg\" alt=\"Help desk\" style=\"color:#8cc63f;width:305px;\"\/><\/div><b style=\"font-size:20px;color:#262626;\">Servicio de asistencia<\/b><\/div><div class=\"themepark_icon_box_d\" style=\"font-size:14px;color:#666666;height:118px;\"><span>Est\u00e9 donde est\u00e9 y en cualquier momento que lo necesite, nuestro servicio de asistencia le permitir\u00e1 obtener una respuesta inmediata a sus avisos.<\/span><\/div><\/a><a class=\"themepark_icon_box  picmodle\"><div class=\"themepark_icon_box_i\"><div class=\"themepark_icon_box_i_out\"><img decoding=\"async\" src=\"http:\/\/www.dybalancer.com\/wp-content\/uploads\/2024\/04\/o3.jpg\" alt=\"Repairs Services\" style=\"color:#8cc63f;width:305px;\"\/><\/div><b style=\"font-size:20px;color:#262626;\">Servicios de reparaci\u00f3n<\/b><\/div><div class=\"themepark_icon_box_d\" style=\"font-size:14px;color:#666666;height:118px;\"><span>En funci\u00f3n de los problemas encontrados, le ofreceremos asistencia inmediata mediante el env\u00edo de piezas de recambio, teleservicio o personal cualificado, lo que permitir\u00e1 a su m\u00e1quina reanudar la producci\u00f3n normal.<\/span><\/div><\/a><a class=\"themepark_icon_box  picmodle\"><div class=\"themepark_icon_box_i\"><div class=\"themepark_icon_box_i_out\"><img decoding=\"async\" src=\"http:\/\/www.dybalancer.com\/wp-content\/uploads\/2024\/04\/o1.jpg\" alt=\"Technical Support\" style=\"color:#8cc63f;width:305px;\"\/><\/div><b style=\"font-size:20px;color:#262626;\">Asistencia t\u00e9cnica<\/b><\/div><div class=\"themepark_icon_box_d\" style=\"font-size:14px;color:#666666;height:118px;\"><span>Despu\u00e9s de la compra, disfrute de 7*24 horas de servicio postventa, y de un soporte t\u00e9cnico postventa de alta calidad para el servicio y mantenimiento in situ por ingenieros en 12 horas.<\/span><\/div><\/a><\/div><\/div><\/section>\n<\/div>\n<\/div><div class=\"layout_badh\"><\/div><\/section>","protected":false},"excerpt":{"rendered":"","protected":false},"author":1,"featured_media":0,"parent":0,"menu_order":0,"comment_status":"closed","ping_status":"closed","template":"","meta":{"themepark_post_bcolor":"#f5f5f5","themepark_post_width":"100% dong","themepark_post_img":"","themepark_post_img_po":"left","themepark_post_img_re":false,"themepark_post_img_cover":false,"themepark_post_img_fixed":false,"themepark_post_hide_title":true,"themepark_post_main_b":"","themepark_post_main_p":100,"themepark_paddingblock":true,"footnotes":""},"class_list":["post-1140","page","type-page","status-publish","hentry"],"_links":{"self":[{"href":"https:\/\/www.dybalancer.com\/es\/wp-json\/wp\/v2\/pages\/1140","targetHints":{"allow":["GET"]}}],"collection":[{"href":"https:\/\/www.dybalancer.com\/es\/wp-json\/wp\/v2\/pages"}],"about":[{"href":"https:\/\/www.dybalancer.com\/es\/wp-json\/wp\/v2\/types\/page"}],"author":[{"embeddable":true,"href":"https:\/\/www.dybalancer.com\/es\/wp-json\/wp\/v2\/users\/1"}],"replies":[{"embeddable":true,"href":"https:\/\/www.dybalancer.com\/es\/wp-json\/wp\/v2\/comments?post=1140"}],"version-history":[{"count":15,"href":"https:\/\/www.dybalancer.com\/es\/wp-json\/wp\/v2\/pages\/1140\/revisions"}],"predecessor-version":[{"id":1313,"href":"https:\/\/www.dybalancer.com\/es\/wp-json\/wp\/v2\/pages\/1140\/revisions\/1313"}],"wp:attachment":[{"href":"https:\/\/www.dybalancer.com\/es\/wp-json\/wp\/v2\/media?parent=1140"}],"curies":[{"name":"wp","href":"https:\/\/api.w.org\/{rel}","templated":true}]}}